{"id":2136,"date":"2023-10-16T15:48:26","date_gmt":"2023-10-16T13:48:26","guid":{"rendered":"http:\/\/mandelclub.youelba.com\/ristorante\/"},"modified":"2025-01-31T11:29:41","modified_gmt":"2025-01-31T10:29:41","slug":"restaurant","status":"publish","type":"page","link":"https:\/\/www.mandelclub.com\/de\/restaurant\/","title":{"rendered":"Restaurant"},"content":{"rendered":"\t\t<div data-elementor-type=\"wp-post\" data-elementor-id=\"2136\" class=\"elementor elementor-2136 elementor-855\">\n\t\t\t\t\t\t<section class=\"elementor-section elementor-top-section elementor-element elementor-element-6229ba4 elementor-section-full_width elementor-section-height-min-height elementor-section-height-default elementor-section-items-middle\" data-id=\"6229ba4\" data-element_type=\"section\" data-settings=\"{&quot;background_background&quot;:&quot;classic&quot;}\">\n\t\t\t\t\t\t\t<div class=\"elementor-background-overlay\"><\/div>\n\t\t\t\t\t\t\t<div class=\"elementor-container elementor-column-gap-default\">\n\t\t\t\t\t<div class=\"elementor-column elementor-col-100 elementor-top-column elementor-element elementor-element-1f66876d\" data-id=\"1f66876d\" data-element_type=\"column\">\n\t\t\t<div class=\"elementor-widget-wrap elementor-element-populated\">\n\t\t\t\t\t\t<div class=\"elementor-element elementor-element-68d1557 elementor-widget elementor-widget-spacer\" data-id=\"68d1557\" data-element_type=\"widget\" data-widget_type=\"spacer.default\">\n\t\t\t\t<div class=\"elementor-widget-container\">\n\t\t\t<style>\/*! elementor - v3.19.0 - 28-02-2024 *\/\n.elementor-column .elementor-spacer-inner{height:var(--spacer-size)}.e-con{--container-widget-width:100%}.e-con-inner>.elementor-widget-spacer,.e-con>.elementor-widget-spacer{width:var(--container-widget-width,var(--spacer-size));--align-self:var(--container-widget-align-self,initial);--flex-shrink:0}.e-con-inner>.elementor-widget-spacer>.elementor-widget-container,.e-con>.elementor-widget-spacer>.elementor-widget-container{height:100%;width:100%}.e-con-inner>.elementor-widget-spacer>.elementor-widget-container>.elementor-spacer,.e-con>.elementor-widget-spacer>.elementor-widget-container>.elementor-spacer{height:100%}.e-con-inner>.elementor-widget-spacer>.elementor-widget-container>.elementor-spacer>.elementor-spacer-inner,.e-con>.elementor-widget-spacer>.elementor-widget-container>.elementor-spacer>.elementor-spacer-inner{height:var(--container-widget-height,var(--spacer-size))}.e-con-inner>.elementor-widget-spacer.elementor-widget-empty,.e-con>.elementor-widget-spacer.elementor-widget-empty{position:relative;min-height:22px;min-width:22px}.e-con-inner>.elementor-widget-spacer.elementor-widget-empty .elementor-widget-empty-icon,.e-con>.elementor-widget-spacer.elementor-widget-empty .elementor-widget-empty-icon{position:absolute;top:0;bottom:0;left:0;right:0;margin:auto;padding:0;width:22px;height:22px}<\/style>\t\t<div class=\"elementor-spacer\">\n\t\t\t<div class=\"elementor-spacer-inner\"><\/div>\n\t\t<\/div>\n\t\t\t\t<\/div>\n\t\t\t\t<\/div>\n\t\t\t\t<div class=\"elementor-element elementor-element-321bcc27 elementor-view-default elementor-position-top elementor-invisible elementor-widget elementor-widget-themo-header\" data-id=\"321bcc27\" data-element_type=\"widget\" data-settings=\"{&quot;_animation&quot;:&quot;fadeIn&quot;}\" data-widget_type=\"themo-header.default\">\n\t\t\t\t<div class=\"elementor-widget-container\">\n\t\t\t\t\t<div class=\"th-header-wrap\">\n        <div class=\"elementor-icon-box-wrapper \">\n                            <div class=\"elementor-icon-box-content\">\n                    <h1 class=\"elementor-icon-box-title\">\n                        Restaurant                    <\/h1>\n                                        <p class=\"elementor-icon-box-description\"><\/p>\n\n                                    <\/div>\n            <\/div>\n\n        <\/div>\n\n\t\t\t\t<\/div>\n\t\t\t\t<\/div>\n\t\t\t\t\t<\/div>\n\t\t<\/div>\n\t\t\t\t\t<\/div>\n\t\t<\/section>\n\t\t\t\t<section class=\"elementor-section elementor-top-section elementor-element elementor-element-51204c8d elementor-section-boxed elementor-section-height-default elementor-section-height-default\" data-id=\"51204c8d\" data-element_type=\"section\" data-settings=\"{&quot;background_background&quot;:&quot;classic&quot;}\">\n\t\t\t\t\t\t<div class=\"elementor-container elementor-column-gap-default\">\n\t\t\t\t\t<div class=\"elementor-column elementor-col-100 elementor-top-column elementor-element elementor-element-50ec539c\" data-id=\"50ec539c\" data-element_type=\"column\">\n\t\t\t<div class=\"elementor-widget-wrap elementor-element-populated\">\n\t\t\t\t\t\t<div class=\"elementor-element elementor-element-183c3c17 elementor-widget elementor-widget-spacer\" data-id=\"183c3c17\" data-element_type=\"widget\" data-widget_type=\"spacer.default\">\n\t\t\t\t<div class=\"elementor-widget-container\">\n\t\t\t\t\t<div class=\"elementor-spacer\">\n\t\t\t<div class=\"elementor-spacer-inner\"><\/div>\n\t\t<\/div>\n\t\t\t\t<\/div>\n\t\t\t\t<\/div>\n\t\t\t\t<div class=\"elementor-element elementor-element-63297780 elementor-view-default elementor-position-top elementor-widget elementor-widget-themo-header\" data-id=\"63297780\" data-element_type=\"widget\" data-widget_type=\"themo-header.default\">\n\t\t\t\t<div class=\"elementor-widget-container\">\n\t\t\t\t\t<div class=\"th-header-wrap\">\n        <div class=\"elementor-icon-box-wrapper th-show-icon\">\n                            <div class=\"elementor-icon-box-icon th-icon-size-md\">\n                    <span class=\"elementor-icon \">\n                        <i aria-hidden=\"true\" class=\"th-trip travelpack th-trip travelpack-restaurant-dine\"><\/i>                    <\/span>\n                <\/div>\n                                <div class=\"elementor-icon-box-content\">\n                    <h2 class=\"elementor-icon-box-title\">\n                        Echte und frische K\u00fcche                    <\/h2>\n                                            <span class=\"th-header-divider\"><\/span>\n                                        <p class=\"elementor-icon-box-description\"><\/p>\n\n                                    <\/div>\n            <\/div>\n\n        <\/div>\n\n\t\t\t\t<\/div>\n\t\t\t\t<\/div>\n\t\t\t\t<div class=\"elementor-element elementor-element-5717265 elementor-widget elementor-widget-text-editor\" data-id=\"5717265\" data-element_type=\"widget\" data-widget_type=\"text-editor.default\">\n\t\t\t\t<div class=\"elementor-widget-container\">\n\t\t\t<style>\/*! elementor - v3.19.0 - 28-02-2024 *\/\n.elementor-widget-text-editor.elementor-drop-cap-view-stacked .elementor-drop-cap{background-color:#69727d;color:#fff}.elementor-widget-text-editor.elementor-drop-cap-view-framed .elementor-drop-cap{color:#69727d;border:3px solid;background-color:transparent}.elementor-widget-text-editor:not(.elementor-drop-cap-view-default) .elementor-drop-cap{margin-top:8px}.elementor-widget-text-editor:not(.elementor-drop-cap-view-default) .elementor-drop-cap-letter{width:1em;height:1em}.elementor-widget-text-editor .elementor-drop-cap{float:left;text-align:center;line-height:1;font-size:50px}.elementor-widget-text-editor .elementor-drop-cap-letter{display:inline-block}<\/style>\t\t\t\t<p class=\"western\" style=\"text-align: center;\">Das familiengef\u00fchrte Restaurant bietet echte und frische K\u00fcche.<\/p><p class=\"western\" style=\"text-align: center;\">Die K\u00fcchenchefin Carla bietet ihren G\u00e4sten wirklich ausgezeichnete und reichhaltige typisch elbanische und maritim inspirierte Gerichte, darunter Fischso\u00dfen, Cacciucco und gegrillten oder gebackenen Fisch.<\/p><p class=\"western\" style=\"text-align: center;\">Nicht zu verpassen ist die gro\u00dfe Auswahl an Desserts &#8230; Alternativ gibt es Pizza in verschiedenen Geschmacksrichtungen und Gr\u00f6\u00dfen mit einem MODO MIO, das eine ganze Welt f\u00fcr sich ist!<\/p>\t\t\t\t\t\t<\/div>\n\t\t\t\t<\/div>\n\t\t\t\t<div class=\"elementor-element elementor-element-40b9772e elementor-widget elementor-widget-spacer\" data-id=\"40b9772e\" data-element_type=\"widget\" data-widget_type=\"spacer.default\">\n\t\t\t\t<div class=\"elementor-widget-container\">\n\t\t\t\t\t<div class=\"elementor-spacer\">\n\t\t\t<div class=\"elementor-spacer-inner\"><\/div>\n\t\t<\/div>\n\t\t\t\t<\/div>\n\t\t\t\t<\/div>\n\t\t\t\t\t<\/div>\n\t\t<\/div>\n\t\t\t\t\t<\/div>\n\t\t<\/section>\n\t\t\t\t<section class=\"elementor-section elementor-top-section elementor-element elementor-element-1b770e10 elementor-section-boxed elementor-section-height-default elementor-section-height-default\" data-id=\"1b770e10\" data-element_type=\"section\" data-settings=\"{&quot;background_background&quot;:&quot;classic&quot;}\">\n\t\t\t\t\t\t<div class=\"elementor-container elementor-column-gap-no\">\n\t\t\t\t\t<div class=\"elementor-column elementor-col-100 elementor-top-column elementor-element elementor-element-7b4a8f61\" data-id=\"7b4a8f61\" data-element_type=\"column\">\n\t\t\t<div class=\"elementor-widget-wrap elementor-element-populated\">\n\t\t\t\t\t\t<div class=\"elementor-element elementor-element-2fe148f elementor-widget elementor-widget-themo-image-gallery\" data-id=\"2fe148f\" data-element_type=\"widget\" data-widget_type=\"themo-image-gallery.default\">\n\t\t\t\t<div class=\"elementor-widget-container\">\n\t\t\t\t\t<div class=\"elementor-image-gallery th-image-stretch\">\n\t\t\t<div class=\"gallery gallery-2136-1\"><div class=\"row gallery-row\"><div class=\"col-sm-4 col-lg-4\"><a data-toggle=\"lightbox\" data-gallery=\"multiimages\" data-title=\"\"  class=\"thumbnail img-thumbnail\" href='https:\/\/www.mandelclub.com\/wp-content\/uploads\/2023\/10\/mandel-ristorante-8977-1240x930.jpg'><img fetchpriority=\"high\" decoding=\"async\" width=\"394\" height=\"303\" src=\"https:\/\/www.mandelclub.com\/wp-content\/uploads\/2023\/10\/mandel-ristorante-8977-394x303.jpg\" class=\"attachment-th_img_sm_landscape size-th_img_sm_landscape\" alt=\"\" srcset=\"https:\/\/www.mandelclub.com\/wp-content\/uploads\/2023\/10\/mandel-ristorante-8977-394x303.jpg 394w, https:\/\/www.mandelclub.com\/wp-content\/uploads\/2023\/10\/mandel-ristorante-8977-605x465.jpg 605w, https:\/\/www.mandelclub.com\/wp-content\/uploads\/2023\/10\/mandel-ristorante-8977-56x42.jpg 56w\" sizes=\"(max-width: 394px) 100vw, 394px\" \/><\/a><div class=\"gallery-text\"><div class=\"image-title\">mandel-ristorante-8977<\/div><\/div><\/div><div class=\"col-sm-4 col-lg-4\"><a data-toggle=\"lightbox\" data-gallery=\"multiimages\" data-title=\"\"  class=\"thumbnail img-thumbnail\" href='https:\/\/www.mandelclub.com\/wp-content\/uploads\/2023\/10\/mandel-ristorante-8990-1-1240x930.jpg'><img decoding=\"async\" width=\"394\" height=\"303\" src=\"https:\/\/www.mandelclub.com\/wp-content\/uploads\/2023\/10\/mandel-ristorante-8990-1-394x303.jpg\" class=\"attachment-th_img_sm_landscape size-th_img_sm_landscape\" alt=\"\" srcset=\"https:\/\/www.mandelclub.com\/wp-content\/uploads\/2023\/10\/mandel-ristorante-8990-1-394x303.jpg 394w, https:\/\/www.mandelclub.com\/wp-content\/uploads\/2023\/10\/mandel-ristorante-8990-1-605x465.jpg 605w, https:\/\/www.mandelclub.com\/wp-content\/uploads\/2023\/10\/mandel-ristorante-8990-1-56x42.jpg 56w\" sizes=\"(max-width: 394px) 100vw, 394px\" \/><\/a><div class=\"gallery-text\"><div class=\"image-title\">mandel-ristorante-8990<\/div><\/div><\/div><div class=\"col-sm-4 col-lg-4\"><a data-toggle=\"lightbox\" data-gallery=\"multiimages\" data-title=\"\"  class=\"thumbnail img-thumbnail\" href='https:\/\/www.mandelclub.com\/wp-content\/uploads\/2023\/10\/mandel-ristorante-9002-1240x930.jpg'><img decoding=\"async\" width=\"394\" height=\"303\" src=\"https:\/\/www.mandelclub.com\/wp-content\/uploads\/2023\/10\/mandel-ristorante-9002-394x303.jpg\" class=\"attachment-th_img_sm_landscape size-th_img_sm_landscape\" alt=\"\" srcset=\"https:\/\/www.mandelclub.com\/wp-content\/uploads\/2023\/10\/mandel-ristorante-9002-394x303.jpg 394w, https:\/\/www.mandelclub.com\/wp-content\/uploads\/2023\/10\/mandel-ristorante-9002-605x465.jpg 605w, https:\/\/www.mandelclub.com\/wp-content\/uploads\/2023\/10\/mandel-ristorante-9002-56x42.jpg 56w\" sizes=\"(max-width: 394px) 100vw, 394px\" \/><\/a><div class=\"gallery-text\"><div class=\"image-title\">mandel-ristorante-9002<\/div><\/div><\/div><\/div><div class=\"row gallery-row\"><div class=\"col-sm-4 col-lg-4\"><a data-toggle=\"lightbox\" data-gallery=\"multiimages\" data-title=\"\"  class=\"thumbnail img-thumbnail\" href='https:\/\/www.mandelclub.com\/wp-content\/uploads\/2023\/10\/mandel-e-mandel2-varie-3528-1240x827.jpg'><img loading=\"lazy\" decoding=\"async\" width=\"394\" height=\"303\" src=\"https:\/\/www.mandelclub.com\/wp-content\/uploads\/2023\/10\/mandel-e-mandel2-varie-3528-394x303.jpg\" class=\"attachment-th_img_sm_landscape size-th_img_sm_landscape\" alt=\"\" srcset=\"https:\/\/www.mandelclub.com\/wp-content\/uploads\/2023\/10\/mandel-e-mandel2-varie-3528-394x303.jpg 394w, https:\/\/www.mandelclub.com\/wp-content\/uploads\/2023\/10\/mandel-e-mandel2-varie-3528-605x465.jpg 605w\" sizes=\"(max-width: 394px) 100vw, 394px\" \/><\/a><div class=\"gallery-text\"><div class=\"image-title\">mandel-e-mandel2-varie-3528<\/div><\/div><\/div><div class=\"col-sm-4 col-lg-4\"><a data-toggle=\"lightbox\" data-gallery=\"multiimages\" data-title=\"\"  class=\"thumbnail img-thumbnail\" href='https:\/\/www.mandelclub.com\/wp-content\/uploads\/2023\/10\/mandel-e-mandel2-varie-3534-1240x794.jpg'><img loading=\"lazy\" decoding=\"async\" width=\"394\" height=\"303\" src=\"https:\/\/www.mandelclub.com\/wp-content\/uploads\/2023\/10\/mandel-e-mandel2-varie-3534-394x303.jpg\" class=\"attachment-th_img_sm_landscape size-th_img_sm_landscape\" alt=\"\" srcset=\"https:\/\/www.mandelclub.com\/wp-content\/uploads\/2023\/10\/mandel-e-mandel2-varie-3534-394x303.jpg 394w, https:\/\/www.mandelclub.com\/wp-content\/uploads\/2023\/10\/mandel-e-mandel2-varie-3534-605x465.jpg 605w\" sizes=\"(max-width: 394px) 100vw, 394px\" \/><\/a><div class=\"gallery-text\"><div class=\"image-title\">mandel-e-mandel2-varie-3534<\/div><\/div><\/div><div class=\"col-sm-4 col-lg-4\"><a data-toggle=\"lightbox\" data-gallery=\"multiimages\" data-title=\"\"  class=\"thumbnail img-thumbnail\" href='https:\/\/www.mandelclub.com\/wp-content\/uploads\/2023\/10\/mandel-e-mandel2-varie-3596-1240x827.jpg'><img loading=\"lazy\" decoding=\"async\" width=\"394\" height=\"303\" src=\"https:\/\/www.mandelclub.com\/wp-content\/uploads\/2023\/10\/mandel-e-mandel2-varie-3596-394x303.jpg\" class=\"attachment-th_img_sm_landscape size-th_img_sm_landscape\" alt=\"\" srcset=\"https:\/\/www.mandelclub.com\/wp-content\/uploads\/2023\/10\/mandel-e-mandel2-varie-3596-394x303.jpg 394w, https:\/\/www.mandelclub.com\/wp-content\/uploads\/2023\/10\/mandel-e-mandel2-varie-3596-605x465.jpg 605w\" sizes=\"(max-width: 394px) 100vw, 394px\" \/><\/a><div class=\"gallery-text\"><div class=\"image-title\">mandel-e-mandel2-varie-3596<\/div><\/div><\/div><\/div><div class=\"row gallery-row\"><div class=\"col-sm-4 col-lg-4\"><a data-toggle=\"lightbox\" data-gallery=\"multiimages\" data-title=\"\"  class=\"thumbnail img-thumbnail\" href='https:\/\/www.mandelclub.com\/wp-content\/uploads\/2023\/10\/mandel-e-mandel2-varie-3634-1240x827.jpg'><img loading=\"lazy\" decoding=\"async\" width=\"394\" height=\"303\" src=\"https:\/\/www.mandelclub.com\/wp-content\/uploads\/2023\/10\/mandel-e-mandel2-varie-3634-394x303.jpg\" class=\"attachment-th_img_sm_landscape size-th_img_sm_landscape\" alt=\"\" srcset=\"https:\/\/www.mandelclub.com\/wp-content\/uploads\/2023\/10\/mandel-e-mandel2-varie-3634-394x303.jpg 394w, https:\/\/www.mandelclub.com\/wp-content\/uploads\/2023\/10\/mandel-e-mandel2-varie-3634-605x465.jpg 605w\" sizes=\"(max-width: 394px) 100vw, 394px\" \/><\/a><div class=\"gallery-text\"><div class=\"image-title\">mandel-e-mandel2-varie-3634<\/div><\/div><\/div><div class=\"col-sm-4 col-lg-4\"><a data-toggle=\"lightbox\" data-gallery=\"multiimages\" data-title=\"\"  class=\"thumbnail img-thumbnail\" href='https:\/\/www.mandelclub.com\/wp-content\/uploads\/2023\/10\/mandel-e-mandel2-varie-3657-1240x827.jpg'><img loading=\"lazy\" decoding=\"async\" width=\"394\" height=\"303\" src=\"https:\/\/www.mandelclub.com\/wp-content\/uploads\/2023\/10\/mandel-e-mandel2-varie-3657-394x303.jpg\" class=\"attachment-th_img_sm_landscape size-th_img_sm_landscape\" alt=\"\" srcset=\"https:\/\/www.mandelclub.com\/wp-content\/uploads\/2023\/10\/mandel-e-mandel2-varie-3657-394x303.jpg 394w, https:\/\/www.mandelclub.com\/wp-content\/uploads\/2023\/10\/mandel-e-mandel2-varie-3657-605x465.jpg 605w\" sizes=\"(max-width: 394px) 100vw, 394px\" \/><\/a><div class=\"gallery-text\"><div class=\"image-title\">mandel-e-mandel2-varie-3657<\/div><\/div><\/div><div class=\"col-sm-4 col-lg-4\"><a data-toggle=\"lightbox\" data-gallery=\"multiimages\" data-title=\"\"  class=\"thumbnail img-thumbnail\" href='https:\/\/www.mandelclub.com\/wp-content\/uploads\/2023\/10\/mandel-e-mandel2-varie-3661-1240x827.jpg'><img loading=\"lazy\" decoding=\"async\" width=\"394\" height=\"303\" src=\"https:\/\/www.mandelclub.com\/wp-content\/uploads\/2023\/10\/mandel-e-mandel2-varie-3661-394x303.jpg\" class=\"attachment-th_img_sm_landscape size-th_img_sm_landscape\" alt=\"\" srcset=\"https:\/\/www.mandelclub.com\/wp-content\/uploads\/2023\/10\/mandel-e-mandel2-varie-3661-394x303.jpg 394w, https:\/\/www.mandelclub.com\/wp-content\/uploads\/2023\/10\/mandel-e-mandel2-varie-3661-605x465.jpg 605w\" sizes=\"(max-width: 394px) 100vw, 394px\" \/><\/a><div class=\"gallery-text\"><div class=\"image-title\">mandel-e-mandel2-varie-3661<\/div><\/div><\/div><\/div><div class=\"row gallery-row\"><div class=\"col-sm-4 col-lg-4\"><a data-toggle=\"lightbox\" data-gallery=\"multiimages\" data-title=\"\"  class=\"thumbnail img-thumbnail\" href='https:\/\/www.mandelclub.com\/wp-content\/uploads\/2023\/10\/mandel-e-mandel2-varie-3662-1240x827.jpg'><img loading=\"lazy\" decoding=\"async\" width=\"394\" height=\"303\" src=\"https:\/\/www.mandelclub.com\/wp-content\/uploads\/2023\/10\/mandel-e-mandel2-varie-3662-394x303.jpg\" class=\"attachment-th_img_sm_landscape size-th_img_sm_landscape\" alt=\"\" srcset=\"https:\/\/www.mandelclub.com\/wp-content\/uploads\/2023\/10\/mandel-e-mandel2-varie-3662-394x303.jpg 394w, https:\/\/www.mandelclub.com\/wp-content\/uploads\/2023\/10\/mandel-e-mandel2-varie-3662-605x465.jpg 605w\" sizes=\"(max-width: 394px) 100vw, 394px\" \/><\/a><div class=\"gallery-text\"><div class=\"image-title\">mandel-e-mandel2-varie-3662<\/div><\/div><\/div><div class=\"col-sm-4 col-lg-4\"><a data-toggle=\"lightbox\" data-gallery=\"multiimages\" data-title=\"\"  class=\"thumbnail img-thumbnail\" href='https:\/\/www.mandelclub.com\/wp-content\/uploads\/2023\/10\/mandel-e-mandel2-varie-3663-1240x827.jpg'><img loading=\"lazy\" decoding=\"async\" width=\"394\" height=\"303\" src=\"https:\/\/www.mandelclub.com\/wp-content\/uploads\/2023\/10\/mandel-e-mandel2-varie-3663-394x303.jpg\" class=\"attachment-th_img_sm_landscape size-th_img_sm_landscape\" alt=\"\" srcset=\"https:\/\/www.mandelclub.com\/wp-content\/uploads\/2023\/10\/mandel-e-mandel2-varie-3663-394x303.jpg 394w, https:\/\/www.mandelclub.com\/wp-content\/uploads\/2023\/10\/mandel-e-mandel2-varie-3663-605x465.jpg 605w\" sizes=\"(max-width: 394px) 100vw, 394px\" \/><\/a><div class=\"gallery-text\"><div class=\"image-title\">mandel-e-mandel2-varie-3663<\/div><\/div><\/div><div class=\"col-sm-4 col-lg-4\"><a data-toggle=\"lightbox\" data-gallery=\"multiimages\" data-title=\"\"  class=\"thumbnail img-thumbnail\" href='https:\/\/www.mandelclub.com\/wp-content\/uploads\/2023\/10\/mandel-e-mandel2-varie-3675-1-1240x827.jpg'><img loading=\"lazy\" decoding=\"async\" width=\"394\" height=\"303\" src=\"https:\/\/www.mandelclub.com\/wp-content\/uploads\/2023\/10\/mandel-e-mandel2-varie-3675-1-394x303.jpg\" class=\"attachment-th_img_sm_landscape size-th_img_sm_landscape\" alt=\"\" srcset=\"https:\/\/www.mandelclub.com\/wp-content\/uploads\/2023\/10\/mandel-e-mandel2-varie-3675-1-394x303.jpg 394w, https:\/\/www.mandelclub.com\/wp-content\/uploads\/2023\/10\/mandel-e-mandel2-varie-3675-1-605x465.jpg 605w\" sizes=\"(max-width: 394px) 100vw, 394px\" \/><\/a><div class=\"gallery-text\"><div class=\"image-title\">mandel-e-mandel2-varie-3675<\/div><\/div><\/div><\/div><div class=\"row gallery-row\"><div class=\"col-sm-4 col-lg-4\"><a data-toggle=\"lightbox\" data-gallery=\"multiimages\" data-title=\"\"  class=\"thumbnail img-thumbnail\" href='https:\/\/www.mandelclub.com\/wp-content\/uploads\/2023\/10\/mandel-e-mandel2-varie-3678-1240x827.jpg'><img loading=\"lazy\" decoding=\"async\" width=\"394\" height=\"303\" src=\"https:\/\/www.mandelclub.com\/wp-content\/uploads\/2023\/10\/mandel-e-mandel2-varie-3678-394x303.jpg\" class=\"attachment-th_img_sm_landscape size-th_img_sm_landscape\" alt=\"\" srcset=\"https:\/\/www.mandelclub.com\/wp-content\/uploads\/2023\/10\/mandel-e-mandel2-varie-3678-394x303.jpg 394w, https:\/\/www.mandelclub.com\/wp-content\/uploads\/2023\/10\/mandel-e-mandel2-varie-3678-605x465.jpg 605w\" sizes=\"(max-width: 394px) 100vw, 394px\" \/><\/a><div class=\"gallery-text\"><div class=\"image-title\">mandel-e-mandel2-varie-3678<\/div><\/div><\/div><\/div><\/div>\t\t<\/div>\n\t\t\t\t<\/div>\n\t\t\t\t<\/div>\n\t\t\t\t<div class=\"elementor-element elementor-element-59d4c01 elementor-widget elementor-widget-spacer\" data-id=\"59d4c01\" data-element_type=\"widget\" data-widget_type=\"spacer.default\">\n\t\t\t\t<div class=\"elementor-widget-container\">\n\t\t\t\t\t<div class=\"elementor-spacer\">\n\t\t\t<div class=\"elementor-spacer-inner\"><\/div>\n\t\t<\/div>\n\t\t\t\t<\/div>\n\t\t\t\t<\/div>\n\t\t\t\t\t<\/div>\n\t\t<\/div>\n\t\t\t\t\t<\/div>\n\t\t<\/section>\n\t\t\t\t<section class=\"th-parallax elementor-section elementor-top-section elementor-element elementor-element-48b50b8c elementor-section-height-min-height elementor-section-boxed elementor-section-height-default elementor-section-items-middle\" data-parallax=\"scroll\" data-image-src=\"https:\/\/www.mandelclub.com\/wp-content\/uploads\/2023\/10\/mandel-e-mandel2-varie-3388.jpg\" data-id=\"48b50b8c\" data-element_type=\"section\" data-settings=\"{&quot;background_background&quot;:&quot;classic&quot;}\">\n\t\t\t\t\t\t\t<div class=\"elementor-background-overlay\"><\/div>\n\t\t\t\t\t\t\t<div class=\"elementor-container elementor-column-gap-default\">\n\t\t\t\t\t<div class=\"elementor-column elementor-col-100 elementor-top-column elementor-element elementor-element-20ea8370 elementor-invisible\" data-id=\"20ea8370\" data-element_type=\"column\" data-settings=\"{&quot;animation&quot;:&quot;fadeIn&quot;}\">\n\t\t\t<div class=\"elementor-widget-wrap elementor-element-populated\">\n\t\t\t\t\t\t<div class=\"elementor-element elementor-element-5fc5bea elementor-view-default elementor-position-top elementor-widget elementor-widget-themo-header\" data-id=\"5fc5bea\" data-element_type=\"widget\" data-widget_type=\"themo-header.default\">\n\t\t\t\t<div class=\"elementor-widget-container\">\n\t\t\t\t\t<div class=\"th-header-wrap\">\n        <div class=\"elementor-icon-box-wrapper \">\n                            <div class=\"elementor-icon-box-content\">\n                    <h3 class=\"elementor-icon-box-title\">\n                        Buchen Sie Ihren Aufenthalt auf der Insel Elba                    <\/h3>\n                                        <p class=\"elementor-icon-box-description\">Ein Urlaub in einer traumhaften Umgebung...<\/p>\n\n                                            <div class=\"th-btn-wrap\">\n                            \n                                                            <a class=\"btn-2 btn th-btn btn-standard-primary\" href=\"\/de\/kontakt\/\">\n                                                                            Kontaktieren Sie uns f\u00fcr ein Angebot                                                                    <\/a>\n                                                    <\/div>\n                                    <\/div>\n            <\/div>\n\n        <\/div>\n\n\t\t\t\t<\/div>\n\t\t\t\t<\/div>\n\t\t\t\t\t<\/div>\n\t\t<\/div>\n\t\t\t\t\t<\/div>\n\t\t<\/section>\n\t\t\t\t<\/div>\n\t\t","protected":false},"excerpt":{"rendered":"<p>Restaurant Echte und frische K\u00fcche Das familiengef\u00fchrte Restaurant bietet echte und frische K\u00fcche. Die K\u00fcchenchefin Carla bietet ihren G\u00e4sten wirklich ausgezeichnete und reichhaltige typisch elbanische und maritim inspirierte Gerichte, darunter Fischso\u00dfen, Cacciucco und gegrillten oder gebackenen Fisch. Nicht zu verpassen &hellip; <a href=\"https:\/\/www.mandelclub.com\/de\/restaurant\/\">Read More<\/a><\/p>\n","protected":false},"author":1,"featured_media":0,"parent":0,"menu_order":12,"comment_status":"closed","ping_status":"closed","template":"","meta":{"footnotes":""},"class_list":["post-2136","page","type-page","status-publish","hentry"],"_links":{"self":[{"href":"https:\/\/www.mandelclub.com\/de\/wp-json\/wp\/v2\/pages\/2136","targetHints":{"allow":["GET"]}}],"collection":[{"href":"https:\/\/www.mandelclub.com\/de\/wp-json\/wp\/v2\/pages"}],"about":[{"href":"https:\/\/www.mandelclub.com\/de\/wp-json\/wp\/v2\/types\/page"}],"author":[{"embeddable":true,"href":"https:\/\/www.mandelclub.com\/de\/wp-json\/wp\/v2\/users\/1"}],"replies":[{"embeddable":true,"href":"https:\/\/www.mandelclub.com\/de\/wp-json\/wp\/v2\/comments?post=2136"}],"version-history":[{"count":5,"href":"https:\/\/www.mandelclub.com\/de\/wp-json\/wp\/v2\/pages\/2136\/revisions"}],"predecessor-version":[{"id":3426,"href":"https:\/\/www.mandelclub.com\/de\/wp-json\/wp\/v2\/pages\/2136\/revisions\/3426"}],"wp:attachment":[{"href":"https:\/\/www.mandelclub.com\/de\/wp-json\/wp\/v2\/media?parent=2136"}],"curies":[{"name":"wp","href":"https:\/\/api.w.org\/{rel}","templated":true}]}}