{"id":2130,"date":"2023-10-16T15:39:10","date_gmt":"2023-10-16T13:39:10","guid":{"rendered":"http:\/\/mandelclub.youelba.com\/diving-center\/"},"modified":"2024-02-26T10:58:44","modified_gmt":"2024-02-26T09:58:44","slug":"tauchzentrum","status":"publish","type":"page","link":"https:\/\/www.mandelclub.com\/de\/tauchzentrum\/","title":{"rendered":"Tauchzentrum"},"content":{"rendered":"\t\t<div data-elementor-type=\"wp-post\" data-elementor-id=\"2130\" class=\"elementor elementor-2130 elementor-822\">\n\t\t\t\t\t\t<section class=\"elementor-section elementor-top-section elementor-element elementor-element-6229ba4 elementor-section-full_width elementor-section-height-min-height elementor-section-height-default elementor-section-items-middle\" data-id=\"6229ba4\" data-element_type=\"section\" data-settings=\"{&quot;background_background&quot;:&quot;classic&quot;}\">\n\t\t\t\t\t\t\t<div class=\"elementor-background-overlay\"><\/div>\n\t\t\t\t\t\t\t<div class=\"elementor-container elementor-column-gap-default\">\n\t\t\t\t\t<div class=\"elementor-column elementor-col-100 elementor-top-column elementor-element elementor-element-1f66876d\" data-id=\"1f66876d\" data-element_type=\"column\">\n\t\t\t<div class=\"elementor-widget-wrap elementor-element-populated\">\n\t\t\t\t\t\t<div class=\"elementor-element elementor-element-68d1557 elementor-widget elementor-widget-spacer\" data-id=\"68d1557\" data-element_type=\"widget\" data-widget_type=\"spacer.default\">\n\t\t\t\t<div class=\"elementor-widget-container\">\n\t\t\t<style>\/*! elementor - v3.19.0 - 28-02-2024 *\/\n.elementor-column .elementor-spacer-inner{height:var(--spacer-size)}.e-con{--container-widget-width:100%}.e-con-inner>.elementor-widget-spacer,.e-con>.elementor-widget-spacer{width:var(--container-widget-width,var(--spacer-size));--align-self:var(--container-widget-align-self,initial);--flex-shrink:0}.e-con-inner>.elementor-widget-spacer>.elementor-widget-container,.e-con>.elementor-widget-spacer>.elementor-widget-container{height:100%;width:100%}.e-con-inner>.elementor-widget-spacer>.elementor-widget-container>.elementor-spacer,.e-con>.elementor-widget-spacer>.elementor-widget-container>.elementor-spacer{height:100%}.e-con-inner>.elementor-widget-spacer>.elementor-widget-container>.elementor-spacer>.elementor-spacer-inner,.e-con>.elementor-widget-spacer>.elementor-widget-container>.elementor-spacer>.elementor-spacer-inner{height:var(--container-widget-height,var(--spacer-size))}.e-con-inner>.elementor-widget-spacer.elementor-widget-empty,.e-con>.elementor-widget-spacer.elementor-widget-empty{position:relative;min-height:22px;min-width:22px}.e-con-inner>.elementor-widget-spacer.elementor-widget-empty .elementor-widget-empty-icon,.e-con>.elementor-widget-spacer.elementor-widget-empty .elementor-widget-empty-icon{position:absolute;top:0;bottom:0;left:0;right:0;margin:auto;padding:0;width:22px;height:22px}<\/style>\t\t<div class=\"elementor-spacer\">\n\t\t\t<div class=\"elementor-spacer-inner\"><\/div>\n\t\t<\/div>\n\t\t\t\t<\/div>\n\t\t\t\t<\/div>\n\t\t\t\t<div class=\"elementor-element elementor-element-321bcc27 elementor-view-default elementor-position-top elementor-invisible elementor-widget elementor-widget-themo-header\" data-id=\"321bcc27\" data-element_type=\"widget\" data-settings=\"{&quot;_animation&quot;:&quot;fadeIn&quot;}\" data-widget_type=\"themo-header.default\">\n\t\t\t\t<div class=\"elementor-widget-container\">\n\t\t\t\t\t<div class=\"th-header-wrap\">\n        <div class=\"elementor-icon-box-wrapper \">\n                            <div class=\"elementor-icon-box-content\">\n                    <h1 class=\"elementor-icon-box-title\">\n                        Tauchzentrum                    <\/h1>\n                                        <p class=\"elementor-icon-box-description\"><\/p>\n\n                                    <\/div>\n            <\/div>\n\n        <\/div>\n\n\t\t\t\t<\/div>\n\t\t\t\t<\/div>\n\t\t\t\t\t<\/div>\n\t\t<\/div>\n\t\t\t\t\t<\/div>\n\t\t<\/section>\n\t\t\t\t<section class=\"elementor-section elementor-top-section elementor-element elementor-element-51204c8d elementor-section-boxed elementor-section-height-default elementor-section-height-default\" data-id=\"51204c8d\" data-element_type=\"section\" data-settings=\"{&quot;background_background&quot;:&quot;classic&quot;}\">\n\t\t\t\t\t\t<div class=\"elementor-container elementor-column-gap-default\">\n\t\t\t\t\t<div class=\"elementor-column elementor-col-100 elementor-top-column elementor-element elementor-element-50ec539c\" data-id=\"50ec539c\" data-element_type=\"column\">\n\t\t\t<div class=\"elementor-widget-wrap elementor-element-populated\">\n\t\t\t\t\t\t<div class=\"elementor-element elementor-element-183c3c17 elementor-widget elementor-widget-spacer\" data-id=\"183c3c17\" data-element_type=\"widget\" data-widget_type=\"spacer.default\">\n\t\t\t\t<div class=\"elementor-widget-container\">\n\t\t\t\t\t<div class=\"elementor-spacer\">\n\t\t\t<div class=\"elementor-spacer-inner\"><\/div>\n\t\t<\/div>\n\t\t\t\t<\/div>\n\t\t\t\t<\/div>\n\t\t\t\t<div class=\"elementor-element elementor-element-63297780 elementor-view-default elementor-position-top elementor-widget elementor-widget-themo-header\" data-id=\"63297780\" data-element_type=\"widget\" data-widget_type=\"themo-header.default\">\n\t\t\t\t<div class=\"elementor-widget-container\">\n\t\t\t\t\t<div class=\"th-header-wrap\">\n        <div class=\"elementor-icon-box-wrapper th-show-icon\">\n                            <div class=\"elementor-icon-box-icon th-icon-size-md\">\n                    <span class=\"elementor-icon \">\n                        <i aria-hidden=\"true\" class=\"th-trip travelpack th-trip travelpack-sea-horse\"><\/i>                    <\/span>\n                <\/div>\n                                <div class=\"elementor-icon-box-content\">\n                    <h2 class=\"elementor-icon-box-title\">\n                        Tauchzentrum in Morcone                    <\/h2>\n                                            <span class=\"th-header-divider\"><\/span>\n                                        <p class=\"elementor-icon-box-description\"><\/p>\n\n                                    <\/div>\n            <\/div>\n\n        <\/div>\n\n\t\t\t\t<\/div>\n\t\t\t\t<\/div>\n\t\t\t\t<div class=\"elementor-element elementor-element-5717265 elementor-widget elementor-widget-text-editor\" data-id=\"5717265\" data-element_type=\"widget\" data-widget_type=\"text-editor.default\">\n\t\t\t\t<div class=\"elementor-widget-container\">\n\t\t\t<style>\/*! elementor - v3.19.0 - 28-02-2024 *\/\n.elementor-widget-text-editor.elementor-drop-cap-view-stacked .elementor-drop-cap{background-color:#69727d;color:#fff}.elementor-widget-text-editor.elementor-drop-cap-view-framed .elementor-drop-cap{color:#69727d;border:3px solid;background-color:transparent}.elementor-widget-text-editor:not(.elementor-drop-cap-view-default) .elementor-drop-cap{margin-top:8px}.elementor-widget-text-editor:not(.elementor-drop-cap-view-default) .elementor-drop-cap-letter{width:1em;height:1em}.elementor-widget-text-editor .elementor-drop-cap{float:left;text-align:center;line-height:1;font-size:50px}.elementor-widget-text-editor .elementor-drop-cap-letter{display:inline-block}<\/style>\t\t\t\t<p class=\"western\" style=\"text-align: center;\">MandelClub bietet ein exklusives Tauchzentrum mit qualifizierten Tauchlehrern und Umweltf\u00fchrern, die Touristen in die Unterwasserwelt des Nationalparks Toskanischer Archipel f\u00fchren k\u00f6nnen.<\/p><p class=\"western\" style=\"text-align: center;\">Ihre Erfahrung stammt aus jahrelangen Tauchg\u00e4ngen, und ihr Wissen \u00fcber die Tauchpl\u00e4tze garantiert qualitativ hochwertige Ausfl\u00fcge.<\/p><p class=\"western\" style=\"text-align: center;\">Das Tauchzentrum befindet sich direkt am Strand von Morcone.<\/p><h5 style=\"text-align: center;\">Kontakt<\/h5><p style=\"text-align: center;\">Web: <a href=\"http:\/\/www.mandeldivingcenter.com\/de\/\">http:\/\/www.mandeldivingcenter.com<\/a> &#8211; Email: <a href=\"mailto:info@mandeldivingcenter.com\">info@mandeldivingcenter.com<\/a><\/p><p style=\"text-align: center;\">\u00a0<\/p>\t\t\t\t\t\t<\/div>\n\t\t\t\t<\/div>\n\t\t\t\t<div class=\"elementor-element elementor-element-40b9772e elementor-widget elementor-widget-spacer\" data-id=\"40b9772e\" data-element_type=\"widget\" data-widget_type=\"spacer.default\">\n\t\t\t\t<div class=\"elementor-widget-container\">\n\t\t\t\t\t<div class=\"elementor-spacer\">\n\t\t\t<div class=\"elementor-spacer-inner\"><\/div>\n\t\t<\/div>\n\t\t\t\t<\/div>\n\t\t\t\t<\/div>\n\t\t\t\t\t<\/div>\n\t\t<\/div>\n\t\t\t\t\t<\/div>\n\t\t<\/section>\n\t\t\t\t<section class=\"elementor-section elementor-top-section elementor-element elementor-element-1b770e10 elementor-section-boxed elementor-section-height-default elementor-section-height-default\" data-id=\"1b770e10\" data-element_type=\"section\" data-settings=\"{&quot;background_background&quot;:&quot;classic&quot;}\">\n\t\t\t\t\t\t<div class=\"elementor-container elementor-column-gap-no\">\n\t\t\t\t\t<div class=\"elementor-column elementor-col-100 elementor-top-column elementor-element elementor-element-7b4a8f61\" data-id=\"7b4a8f61\" data-element_type=\"column\">\n\t\t\t<div class=\"elementor-widget-wrap elementor-element-populated\">\n\t\t\t\t\t\t<div class=\"elementor-element elementor-element-2fe148f elementor-widget elementor-widget-themo-image-gallery\" data-id=\"2fe148f\" data-element_type=\"widget\" data-widget_type=\"themo-image-gallery.default\">\n\t\t\t\t<div class=\"elementor-widget-container\">\n\t\t\t\t\t<div class=\"elementor-image-gallery th-image-stretch\">\n\t\t\t<div class=\"gallery gallery-2130-1\"><div class=\"row gallery-row\"><div class=\"col-sm-4 col-lg-4\"><a data-toggle=\"lightbox\" data-gallery=\"multiimages\" data-title=\"\"  class=\"thumbnail img-thumbnail\" href='https:\/\/www.mandelclub.com\/wp-content\/uploads\/2023\/10\/mandel-diving-9027-1240x930.jpg'><img fetchpriority=\"high\" decoding=\"async\" width=\"394\" height=\"303\" src=\"https:\/\/www.mandelclub.com\/wp-content\/uploads\/2023\/10\/mandel-diving-9027-394x303.jpg\" class=\"attachment-th_img_sm_landscape size-th_img_sm_landscape\" alt=\"\" srcset=\"https:\/\/www.mandelclub.com\/wp-content\/uploads\/2023\/10\/mandel-diving-9027-394x303.jpg 394w, https:\/\/www.mandelclub.com\/wp-content\/uploads\/2023\/10\/mandel-diving-9027-605x465.jpg 605w, https:\/\/www.mandelclub.com\/wp-content\/uploads\/2023\/10\/mandel-diving-9027-56x42.jpg 56w\" sizes=\"(max-width: 394px) 100vw, 394px\" \/><\/a><div class=\"gallery-text\"><div class=\"image-title\">mandel-diving-9027<\/div><\/div><\/div><div class=\"col-sm-4 col-lg-4\"><a data-toggle=\"lightbox\" data-gallery=\"multiimages\" data-title=\"\"  class=\"thumbnail img-thumbnail\" href='https:\/\/www.mandelclub.com\/wp-content\/uploads\/2023\/10\/mandel-diving-9030-1240x905.jpg'><img decoding=\"async\" width=\"394\" height=\"303\" src=\"https:\/\/www.mandelclub.com\/wp-content\/uploads\/2023\/10\/mandel-diving-9030-394x303.jpg\" class=\"attachment-th_img_sm_landscape size-th_img_sm_landscape\" alt=\"\" srcset=\"https:\/\/www.mandelclub.com\/wp-content\/uploads\/2023\/10\/mandel-diving-9030-394x303.jpg 394w, https:\/\/www.mandelclub.com\/wp-content\/uploads\/2023\/10\/mandel-diving-9030-605x465.jpg 605w\" sizes=\"(max-width: 394px) 100vw, 394px\" \/><\/a><div class=\"gallery-text\"><div class=\"image-title\">mandel-diving-9030<\/div><\/div><\/div><div class=\"col-sm-4 col-lg-4\"><a data-toggle=\"lightbox\" data-gallery=\"multiimages\" data-title=\"\"  class=\"thumbnail img-thumbnail\" href='https:\/\/www.mandelclub.com\/wp-content\/uploads\/2023\/10\/mandel-diving-9038-1240x930.jpg'><img decoding=\"async\" width=\"394\" height=\"303\" src=\"https:\/\/www.mandelclub.com\/wp-content\/uploads\/2023\/10\/mandel-diving-9038-394x303.jpg\" class=\"attachment-th_img_sm_landscape size-th_img_sm_landscape\" alt=\"\" srcset=\"https:\/\/www.mandelclub.com\/wp-content\/uploads\/2023\/10\/mandel-diving-9038-394x303.jpg 394w, https:\/\/www.mandelclub.com\/wp-content\/uploads\/2023\/10\/mandel-diving-9038-605x465.jpg 605w, https:\/\/www.mandelclub.com\/wp-content\/uploads\/2023\/10\/mandel-diving-9038-56x42.jpg 56w\" sizes=\"(max-width: 394px) 100vw, 394px\" \/><\/a><div class=\"gallery-text\"><div class=\"image-title\">mandel-diving-9038<\/div><\/div><\/div><\/div><div class=\"row gallery-row\"><div class=\"col-sm-4 col-lg-4\"><a data-toggle=\"lightbox\" data-gallery=\"multiimages\" data-title=\"\"  class=\"thumbnail img-thumbnail\" href='https:\/\/www.mandelclub.com\/wp-content\/uploads\/2023\/10\/mandel-diving-9039-1240x930.jpg'><img loading=\"lazy\" decoding=\"async\" width=\"394\" height=\"303\" src=\"https:\/\/www.mandelclub.com\/wp-content\/uploads\/2023\/10\/mandel-diving-9039-394x303.jpg\" class=\"attachment-th_img_sm_landscape size-th_img_sm_landscape\" alt=\"\" srcset=\"https:\/\/www.mandelclub.com\/wp-content\/uploads\/2023\/10\/mandel-diving-9039-394x303.jpg 394w, https:\/\/www.mandelclub.com\/wp-content\/uploads\/2023\/10\/mandel-diving-9039-605x465.jpg 605w, https:\/\/www.mandelclub.com\/wp-content\/uploads\/2023\/10\/mandel-diving-9039-56x42.jpg 56w\" sizes=\"(max-width: 394px) 100vw, 394px\" \/><\/a><div class=\"gallery-text\"><div class=\"image-title\">mandel-diving-9039<\/div><\/div><\/div><div class=\"col-sm-4 col-lg-4\"><a data-toggle=\"lightbox\" data-gallery=\"multiimages\" data-title=\"\"  class=\"thumbnail img-thumbnail\" href='https:\/\/www.mandelclub.com\/wp-content\/uploads\/2023\/10\/mandel-diving-9050-1240x930.jpg'><img loading=\"lazy\" decoding=\"async\" width=\"394\" height=\"303\" src=\"https:\/\/www.mandelclub.com\/wp-content\/uploads\/2023\/10\/mandel-diving-9050-394x303.jpg\" class=\"attachment-th_img_sm_landscape size-th_img_sm_landscape\" alt=\"\" srcset=\"https:\/\/www.mandelclub.com\/wp-content\/uploads\/2023\/10\/mandel-diving-9050-394x303.jpg 394w, https:\/\/www.mandelclub.com\/wp-content\/uploads\/2023\/10\/mandel-diving-9050-605x465.jpg 605w, https:\/\/www.mandelclub.com\/wp-content\/uploads\/2023\/10\/mandel-diving-9050-56x42.jpg 56w\" sizes=\"(max-width: 394px) 100vw, 394px\" \/><\/a><div class=\"gallery-text\"><div class=\"image-title\">mandel-diving-9050<\/div><\/div><\/div><div class=\"col-sm-4 col-lg-4\"><a data-toggle=\"lightbox\" data-gallery=\"multiimages\" data-title=\"\"  class=\"thumbnail img-thumbnail\" href='https:\/\/www.mandelclub.com\/wp-content\/uploads\/2023\/10\/mandel-diving-9062-1240x930.jpg'><img loading=\"lazy\" decoding=\"async\" width=\"394\" height=\"303\" src=\"https:\/\/www.mandelclub.com\/wp-content\/uploads\/2023\/10\/mandel-diving-9062-394x303.jpg\" class=\"attachment-th_img_sm_landscape size-th_img_sm_landscape\" alt=\"\" srcset=\"https:\/\/www.mandelclub.com\/wp-content\/uploads\/2023\/10\/mandel-diving-9062-394x303.jpg 394w, https:\/\/www.mandelclub.com\/wp-content\/uploads\/2023\/10\/mandel-diving-9062-605x465.jpg 605w, https:\/\/www.mandelclub.com\/wp-content\/uploads\/2023\/10\/mandel-diving-9062-56x42.jpg 56w\" sizes=\"(max-width: 394px) 100vw, 394px\" \/><\/a><div class=\"gallery-text\"><div class=\"image-title\">mandel-diving-9062<\/div><\/div><\/div><\/div><\/div>\t\t<\/div>\n\t\t\t\t<\/div>\n\t\t\t\t<\/div>\n\t\t\t\t<div class=\"elementor-element elementor-element-59d4c01 elementor-widget elementor-widget-spacer\" data-id=\"59d4c01\" data-element_type=\"widget\" data-widget_type=\"spacer.default\">\n\t\t\t\t<div class=\"elementor-widget-container\">\n\t\t\t\t\t<div class=\"elementor-spacer\">\n\t\t\t<div class=\"elementor-spacer-inner\"><\/div>\n\t\t<\/div>\n\t\t\t\t<\/div>\n\t\t\t\t<\/div>\n\t\t\t\t\t<\/div>\n\t\t<\/div>\n\t\t\t\t\t<\/div>\n\t\t<\/section>\n\t\t\t\t<section class=\"th-parallax elementor-section elementor-top-section elementor-element elementor-element-48b50b8c elementor-section-height-min-height elementor-section-boxed elementor-section-height-default elementor-section-items-middle\" data-parallax=\"scroll\" data-image-src=\"https:\/\/www.mandelclub.com\/wp-content\/uploads\/2023\/10\/mandel-e-mandel2-varie-3388.jpg\" data-id=\"48b50b8c\" data-element_type=\"section\" data-settings=\"{&quot;background_background&quot;:&quot;classic&quot;}\">\n\t\t\t\t\t\t\t<div class=\"elementor-background-overlay\"><\/div>\n\t\t\t\t\t\t\t<div class=\"elementor-container elementor-column-gap-default\">\n\t\t\t\t\t<div class=\"elementor-column elementor-col-100 elementor-top-column elementor-element elementor-element-20ea8370 elementor-invisible\" data-id=\"20ea8370\" data-element_type=\"column\" data-settings=\"{&quot;animation&quot;:&quot;fadeIn&quot;}\">\n\t\t\t<div class=\"elementor-widget-wrap elementor-element-populated\">\n\t\t\t\t\t\t<div class=\"elementor-element elementor-element-5fc5bea elementor-view-default elementor-position-top elementor-widget elementor-widget-themo-header\" data-id=\"5fc5bea\" data-element_type=\"widget\" data-widget_type=\"themo-header.default\">\n\t\t\t\t<div class=\"elementor-widget-container\">\n\t\t\t\t\t<div class=\"th-header-wrap\">\n        <div class=\"elementor-icon-box-wrapper \">\n                            <div class=\"elementor-icon-box-content\">\n                    <h3 class=\"elementor-icon-box-title\">\n                        Buchen Sie Ihren Aufenthalt                    <\/h3>\n                                        <p class=\"elementor-icon-box-description\">Ein Urlaub in einer traumhaften Umgebung...<\/p>\n\n                                            <div class=\"th-btn-wrap\">\n                            \n                                                            <a class=\"btn-2 btn th-btn btn-standard-primary\" href=\"\/de\/kontakt\/\">\n                                                                            Kontaktieren Sie uns f\u00fcr ein Angebot                                                                    <\/a>\n                                                    <\/div>\n                                    <\/div>\n            <\/div>\n\n        <\/div>\n\n\t\t\t\t<\/div>\n\t\t\t\t<\/div>\n\t\t\t\t\t<\/div>\n\t\t<\/div>\n\t\t\t\t\t<\/div>\n\t\t<\/section>\n\t\t\t\t<\/div>\n\t\t","protected":false},"excerpt":{"rendered":"<p>Tauchzentrum Tauchzentrum in Morcone MandelClub bietet ein exklusives Tauchzentrum mit qualifizierten Tauchlehrern und Umweltf\u00fchrern, die Touristen in die Unterwasserwelt des Nationalparks Toskanischer Archipel f\u00fchren k\u00f6nnen. Ihre Erfahrung stammt aus jahrelangen Tauchg\u00e4ngen, und ihr Wissen \u00fcber die Tauchpl\u00e4tze garantiert qualitativ hochwertige &hellip; <a href=\"https:\/\/www.mandelclub.com\/de\/tauchzentrum\/\">Read More<\/a><\/p>\n","protected":false},"author":1,"featured_media":0,"parent":0,"menu_order":12,"comment_status":"closed","ping_status":"closed","template":"","meta":{"footnotes":""},"class_list":["post-2130","page","type-page","status-publish","hentry"],"_links":{"self":[{"href":"https:\/\/www.mandelclub.com\/de\/wp-json\/wp\/v2\/pages\/2130","targetHints":{"allow":["GET"]}}],"collection":[{"href":"https:\/\/www.mandelclub.com\/de\/wp-json\/wp\/v2\/pages"}],"about":[{"href":"https:\/\/www.mandelclub.com\/de\/wp-json\/wp\/v2\/types\/page"}],"author":[{"embeddable":true,"href":"https:\/\/www.mandelclub.com\/de\/wp-json\/wp\/v2\/users\/1"}],"replies":[{"embeddable":true,"href":"https:\/\/www.mandelclub.com\/de\/wp-json\/wp\/v2\/comments?post=2130"}],"version-history":[{"count":5,"href":"https:\/\/www.mandelclub.com\/de\/wp-json\/wp\/v2\/pages\/2130\/revisions"}],"predecessor-version":[{"id":3017,"href":"https:\/\/www.mandelclub.com\/de\/wp-json\/wp\/v2\/pages\/2130\/revisions\/3017"}],"wp:attachment":[{"href":"https:\/\/www.mandelclub.com\/de\/wp-json\/wp\/v2\/media?parent=2130"}],"curies":[{"name":"wp","href":"https:\/\/api.w.org\/{rel}","templated":true}]}}