{"id":2117,"date":"2017-12-03T19:12:03","date_gmt":"2017-12-03T18:12:03","guid":{"rendered":"http:\/\/mandelclub.youelba.com\/servizi\/"},"modified":"2025-01-31T11:24:48","modified_gmt":"2025-01-31T10:24:48","slug":"dienstleistungen","status":"publish","type":"page","link":"https:\/\/www.mandelclub.com\/de\/dienstleistungen\/","title":{"rendered":"Dienstleistungen"},"content":{"rendered":"\t\t<div data-elementor-type=\"wp-post\" data-elementor-id=\"2117\" class=\"elementor elementor-2117 elementor-54\">\n\t\t\t\t\t\t<section class=\"elementor-section elementor-top-section elementor-element elementor-element-6229ba4 elementor-section-full_width elementor-section-height-min-height elementor-section-height-default elementor-section-items-middle\" data-id=\"6229ba4\" data-element_type=\"section\" data-settings=\"{&quot;background_background&quot;:&quot;classic&quot;}\">\n\t\t\t\t\t\t\t<div class=\"elementor-background-overlay\"><\/div>\n\t\t\t\t\t\t\t<div class=\"elementor-container elementor-column-gap-default\">\n\t\t\t\t\t<div class=\"elementor-column elementor-col-100 elementor-top-column elementor-element elementor-element-1f66876d\" data-id=\"1f66876d\" data-element_type=\"column\">\n\t\t\t<div class=\"elementor-widget-wrap elementor-element-populated\">\n\t\t\t\t\t\t<div class=\"elementor-element elementor-element-68d1557 elementor-widget elementor-widget-spacer\" data-id=\"68d1557\" data-element_type=\"widget\" data-widget_type=\"spacer.default\">\n\t\t\t\t<div class=\"elementor-widget-container\">\n\t\t\t<style>\/*! elementor - v3.19.0 - 28-02-2024 *\/\n.elementor-column .elementor-spacer-inner{height:var(--spacer-size)}.e-con{--container-widget-width:100%}.e-con-inner>.elementor-widget-spacer,.e-con>.elementor-widget-spacer{width:var(--container-widget-width,var(--spacer-size));--align-self:var(--container-widget-align-self,initial);--flex-shrink:0}.e-con-inner>.elementor-widget-spacer>.elementor-widget-container,.e-con>.elementor-widget-spacer>.elementor-widget-container{height:100%;width:100%}.e-con-inner>.elementor-widget-spacer>.elementor-widget-container>.elementor-spacer,.e-con>.elementor-widget-spacer>.elementor-widget-container>.elementor-spacer{height:100%}.e-con-inner>.elementor-widget-spacer>.elementor-widget-container>.elementor-spacer>.elementor-spacer-inner,.e-con>.elementor-widget-spacer>.elementor-widget-container>.elementor-spacer>.elementor-spacer-inner{height:var(--container-widget-height,var(--spacer-size))}.e-con-inner>.elementor-widget-spacer.elementor-widget-empty,.e-con>.elementor-widget-spacer.elementor-widget-empty{position:relative;min-height:22px;min-width:22px}.e-con-inner>.elementor-widget-spacer.elementor-widget-empty .elementor-widget-empty-icon,.e-con>.elementor-widget-spacer.elementor-widget-empty .elementor-widget-empty-icon{position:absolute;top:0;bottom:0;left:0;right:0;margin:auto;padding:0;width:22px;height:22px}<\/style>\t\t<div class=\"elementor-spacer\">\n\t\t\t<div class=\"elementor-spacer-inner\"><\/div>\n\t\t<\/div>\n\t\t\t\t<\/div>\n\t\t\t\t<\/div>\n\t\t\t\t<div class=\"elementor-element elementor-element-321bcc27 elementor-view-default elementor-position-top elementor-invisible elementor-widget elementor-widget-themo-header\" data-id=\"321bcc27\" data-element_type=\"widget\" data-settings=\"{&quot;_animation&quot;:&quot;fadeIn&quot;}\" data-widget_type=\"themo-header.default\">\n\t\t\t\t<div class=\"elementor-widget-container\">\n\t\t\t\t\t<div class=\"th-header-wrap\">\n        <div class=\"elementor-icon-box-wrapper \">\n                            <div class=\"elementor-icon-box-content\">\n                    <h1 class=\"elementor-icon-box-title\">\n                        Unsere dienstleistungen                    <\/h1>\n                                        <p class=\"elementor-icon-box-description\"><\/p>\n\n                                    <\/div>\n            <\/div>\n\n        <\/div>\n\n\t\t\t\t<\/div>\n\t\t\t\t<\/div>\n\t\t\t\t\t<\/div>\n\t\t<\/div>\n\t\t\t\t\t<\/div>\n\t\t<\/section>\n\t\t\t\t<section class=\"elementor-section elementor-top-section elementor-element elementor-element-4cc723a5 elementor-section-boxed elementor-section-height-default elementor-section-height-default\" data-id=\"4cc723a5\" data-element_type=\"section\" data-settings=\"{&quot;background_background&quot;:&quot;classic&quot;}\">\n\t\t\t\t\t\t<div class=\"elementor-container elementor-column-gap-no\">\n\t\t\t\t\t<div class=\"elementor-column elementor-col-100 elementor-top-column elementor-element elementor-element-10630cc9\" data-id=\"10630cc9\" data-element_type=\"column\">\n\t\t\t<div class=\"elementor-widget-wrap elementor-element-populated\">\n\t\t\t\t\t\t<div class=\"elementor-element elementor-element-2cea3dce elementor-widget elementor-widget-spacer\" data-id=\"2cea3dce\" data-element_type=\"widget\" data-widget_type=\"spacer.default\">\n\t\t\t\t<div class=\"elementor-widget-container\">\n\t\t\t\t\t<div class=\"elementor-spacer\">\n\t\t\t<div class=\"elementor-spacer-inner\"><\/div>\n\t\t<\/div>\n\t\t\t\t<\/div>\n\t\t\t\t<\/div>\n\t\t\t\t<div class=\"elementor-element elementor-element-fab071d elementor-widget elementor-widget-html\" data-id=\"fab071d\" data-element_type=\"widget\" data-widget_type=\"html.default\">\n\t\t\t\t<div class=\"elementor-widget-container\">\n\t\t\t<script charset=\"UTF-8\" defer src=\"https:\/\/cdn.beddy.io\/bol-v2\/prod\/beddy-bar-web-\r\ncomponent.js\"><\/script><beddy-bar lang=\"de\" widgetcode=\"24322bffb3d40\"><\/beddy-bar>\t\t<\/div>\n\t\t\t\t<\/div>\n\t\t\t\t<div class=\"elementor-element elementor-element-bec86e2 elementor-widget elementor-widget-spacer\" data-id=\"bec86e2\" data-element_type=\"widget\" data-widget_type=\"spacer.default\">\n\t\t\t\t<div class=\"elementor-widget-container\">\n\t\t\t\t\t<div class=\"elementor-spacer\">\n\t\t\t<div class=\"elementor-spacer-inner\"><\/div>\n\t\t<\/div>\n\t\t\t\t<\/div>\n\t\t\t\t<\/div>\n\t\t\t\t<section class=\"elementor-section elementor-inner-section elementor-element elementor-element-7995437c elementor-section-boxed elementor-section-height-default elementor-section-height-default\" data-id=\"7995437c\" data-element_type=\"section\">\n\t\t\t\t\t\t<div class=\"elementor-container elementor-column-gap-wide\">\n\t\t\t\t\t<div class=\"elementor-column elementor-col-33 elementor-inner-column elementor-element elementor-element-85a301d\" data-id=\"85a301d\" data-element_type=\"column\">\n\t\t\t<div class=\"elementor-widget-wrap elementor-element-populated\">\n\t\t\t\t\t\t<div class=\"elementor-element elementor-element-56848101 elementor-position-left elementor-view-default elementor-widget elementor-widget-themo-service-block\" data-id=\"56848101\" data-element_type=\"widget\" data-widget_type=\"themo-service-block.default\">\n\t\t\t\t<div class=\"elementor-widget-container\">\n\t\t\t\t\t<div class=\"th-service-block-w\">\n            <div class=\"elementor-icon-box-wrapper th-show-icon\">\n                                    <div class=\"elementor-icon-box-icon th-icon-size-md\">\n                        <span class=\"elementor-icon \" >\n                            <i aria-hidden=\"true\" class=\"fasth-linea icon-basic-elaboration-message-happy\"><\/i>                        <\/span>\n                    <\/div>\n                                <div class=\"elementor-icon-box-content\">\n                    <h3 class=\"elementor-icon-box-title\">\n                        <span >MANDEL RESIDENCE<\/span>\n                    <\/h3>\n                    <p class=\"elementor-icon-box-description\">Vollst\u00e4ndige Liste unserer Dienstleistungen im Mandel Residence in Morcone, Insel Elba.<\/p>\n                <\/div>\n            <\/div>\n\n        <\/div>\n\n\t\t\t\t<\/div>\n\t\t\t\t<\/div>\n\t\t\t\t\t<\/div>\n\t\t<\/div>\n\t\t\t\t<div class=\"elementor-column elementor-col-33 elementor-inner-column elementor-element elementor-element-418cc0b\" data-id=\"418cc0b\" data-element_type=\"column\">\n\t\t\t<div class=\"elementor-widget-wrap elementor-element-populated\">\n\t\t\t\t\t\t<div class=\"elementor-element elementor-element-11f6e918 elementor-widget elementor-widget-themo-team\" data-id=\"11f6e918\" data-element_type=\"widget\" data-widget_type=\"themo-team.default\">\n\t\t\t\t<div class=\"elementor-widget-container\">\n\t\t\t\n        \t\t<div class=\"th-team-member th-team-style-1\">\n                            <a href=\"\/de\/strand-dienstleistungen\/\">\n                    <img fetchpriority=\"high\" decoding=\"async\" width=\"394\" height=\"394\" src=\"https:\/\/www.mandelclub.com\/wp-content\/uploads\/2023\/07\/mandel-e-mandel2-varie-3442-394x394.jpg\" class=\"th-img-stretch\" alt=\"\" \/>                <\/a>\n            \n\t\t\t<div class=\"th-team-member-content\">\n                                                            <a href=\"\/de\/strand-dienstleistungen\/\">\n                            <h4 class=\"th-team-member-name\">Dienstleistungen am Strand<\/h4>\n                        <\/a>\n                                   \t\t\t\t\t\t\t\t\t\t\t\t\t<div class=\"th-team-member-text\">Bar mit Terrasse am Meer und Strandbad mit Privatstrand.<\/div>\n\t\t\t\t\t\t\t\t<div class=\"th-team-member-social\">\n\t\t\t\t\t\t\t\t\t<\/div>\n\t\t\t<\/div>\n\t\t<\/div>\n        \t\t\t\t<\/div>\n\t\t\t\t<\/div>\n\t\t\t\t\t<\/div>\n\t\t<\/div>\n\t\t\t\t<div class=\"elementor-column elementor-col-33 elementor-inner-column elementor-element elementor-element-328a84ff\" data-id=\"328a84ff\" data-element_type=\"column\">\n\t\t\t<div class=\"elementor-widget-wrap elementor-element-populated\">\n\t\t\t\t\t\t<div class=\"elementor-element elementor-element-10dc115d elementor-widget elementor-widget-themo-team\" data-id=\"10dc115d\" data-element_type=\"widget\" data-widget_type=\"themo-team.default\">\n\t\t\t\t<div class=\"elementor-widget-container\">\n\t\t\t\n        \t\t<div class=\"th-team-member th-team-style-1\">\n                            <a href=\"\/de\/tauchzentrum\/\">\n                    <img decoding=\"async\" width=\"394\" height=\"394\" src=\"https:\/\/www.mandelclub.com\/wp-content\/uploads\/2023\/10\/mandel-diving-9043-394x394.jpg\" class=\"th-img-stretch\" alt=\"\" \/>                <\/a>\n            \n\t\t\t<div class=\"th-team-member-content\">\n                                                            <a href=\"\/de\/tauchzentrum\/\">\n                            <h4 class=\"th-team-member-name\">Tauchen<\/h4>\n                        <\/a>\n                                   \t\t\t\t\t\t\t\t\t\t\t\t\t<div class=\"th-team-member-text\">Exklusives Tauchzentrum mit qualifizierten Instruktoren und Umweltf\u00fchrern.<\/div>\n\t\t\t\t\t\t\t\t<div class=\"th-team-member-social\">\n\t\t\t\t\t\t\t\t\t<\/div>\n\t\t\t<\/div>\n\t\t<\/div>\n        \t\t\t\t<\/div>\n\t\t\t\t<\/div>\n\t\t\t\t\t<\/div>\n\t\t<\/div>\n\t\t\t\t\t<\/div>\n\t\t<\/section>\n\t\t\t\t<section class=\"elementor-section elementor-inner-section elementor-element elementor-element-7bdad008 elementor-section-boxed elementor-section-height-default elementor-section-height-default\" data-id=\"7bdad008\" data-element_type=\"section\">\n\t\t\t\t\t\t<div class=\"elementor-container elementor-column-gap-wide\">\n\t\t\t\t\t<div class=\"elementor-column elementor-col-33 elementor-inner-column elementor-element elementor-element-342ff924\" data-id=\"342ff924\" data-element_type=\"column\">\n\t\t\t<div class=\"elementor-widget-wrap elementor-element-populated\">\n\t\t\t\t\t\t<div class=\"elementor-element elementor-element-6fa478e3 elementor-widget elementor-widget-themo-team\" data-id=\"6fa478e3\" data-element_type=\"widget\" data-widget_type=\"themo-team.default\">\n\t\t\t\t<div class=\"elementor-widget-container\">\n\t\t\t\n        \t\t<div class=\"th-team-member th-team-style-1\">\n                            <a href=\"\/de\/restaurant\/\">\n                    <img decoding=\"async\" width=\"394\" height=\"394\" src=\"https:\/\/www.mandelclub.com\/wp-content\/uploads\/2023\/10\/mandel-e-mandel2-varie-3675-394x394.jpg\" class=\"th-img-stretch\" alt=\"\" \/>                <\/a>\n            \n\t\t\t<div class=\"th-team-member-content\">\n                                                            <a href=\"\/de\/restaurant\/\">\n                            <h4 class=\"th-team-member-name\">Restaurant<\/h4>\n                        <\/a>\n                                   \t\t\t\t\t\t\t\t\t\t\t\t\t<div class=\"th-team-member-text\">Das Restaurant mit authentischer und frischer K\u00fcche wird von einer Familie gef\u00fchrt.<\/div>\n\t\t\t\t\t\t\t\t<div class=\"th-team-member-social\">\n\t\t\t\t\t\t\t\t\t<\/div>\n\t\t\t<\/div>\n\t\t<\/div>\n        \t\t\t\t<\/div>\n\t\t\t\t<\/div>\n\t\t\t\t\t<\/div>\n\t\t<\/div>\n\t\t\t\t<div class=\"elementor-column elementor-col-33 elementor-inner-column elementor-element elementor-element-639e93f1\" data-id=\"639e93f1\" data-element_type=\"column\">\n\t\t\t<div class=\"elementor-widget-wrap elementor-element-populated\">\n\t\t\t\t\t\t<div class=\"elementor-element elementor-element-317053ab elementor-widget elementor-widget-themo-team\" data-id=\"317053ab\" data-element_type=\"widget\" data-widget_type=\"themo-team.default\">\n\t\t\t\t<div class=\"elementor-widget-container\">\n\t\t\t\n        \t\t<div class=\"th-team-member th-team-style-1\">\n                            <a href=\"\/de\/discotheque\/\">\n                    <img loading=\"lazy\" decoding=\"async\" width=\"394\" height=\"394\" src=\"https:\/\/www.mandelclub.com\/wp-content\/uploads\/2023\/10\/P1030176-394x394.jpg\" class=\"th-img-stretch\" alt=\"\" \/>                <\/a>\n            \n\t\t\t<div class=\"th-team-member-content\">\n                                                            <a href=\"\/de\/discotheque\/\">\n                            <h4 class=\"th-team-member-name\">Diskothek<\/h4>\n                        <\/a>\n                                   \t\t\t\t\t\t\t\t\t\t\t\t\t<div class=\"th-team-member-text\">Der Mandel wurde aus Leidenschaft f\u00fcr Musik, Liebe zu jungen Menschen und dem Wunsch nach Spa\u00df und Unterhaltung von Miriano geboren.<\/div>\n\t\t\t\t\t\t\t\t<div class=\"th-team-member-social\">\n\t\t\t\t\t\t\t\t\t<\/div>\n\t\t\t<\/div>\n\t\t<\/div>\n        \t\t\t\t<\/div>\n\t\t\t\t<\/div>\n\t\t\t\t\t<\/div>\n\t\t<\/div>\n\t\t\t\t<div class=\"elementor-column elementor-col-33 elementor-inner-column elementor-element elementor-element-4fa9959b\" data-id=\"4fa9959b\" data-element_type=\"column\" data-settings=\"{&quot;background_background&quot;:&quot;classic&quot;}\">\n\t\t\t<div class=\"elementor-widget-wrap elementor-element-populated\">\n\t\t\t\t\t\t<div class=\"elementor-element elementor-element-31587e14 elementor-widget elementor-widget-themo-team\" data-id=\"31587e14\" data-element_type=\"widget\" data-widget_type=\"themo-team.default\">\n\t\t\t\t<div class=\"elementor-widget-container\">\n\t\t\t\n        \t\t<div class=\"th-team-member th-team-style-1\">\n                            <img loading=\"lazy\" decoding=\"async\" width=\"394\" height=\"394\" src=\"https:\/\/www.mandelclub.com\/wp-content\/uploads\/2023\/10\/mandel-e-mandel2-varie-3398-394x394.jpg\" class=\"th-img-stretch\" alt=\"\" \/>            \n\t\t\t<div class=\"th-team-member-content\">\n                                                            <h4 class=\"th-team-member-name\">Terrasse und Solarium<\/h4>\n                                   \t\t\t\t\t\t\t\t\t\t\t\t\t<div class=\"th-team-member-text\">Unser Residence verf\u00fcgt \u00fcber gro\u00dfe Terrassen, offene R\u00e4ume und ein Solarium, wo man einen Moment der Ruhe und Entspannung genie\u00dfen kann.<\/div>\n\t\t\t\t\t\t\t\t<div class=\"th-team-member-social\">\n\t\t\t\t\t\t\t\t\t<\/div>\n\t\t\t<\/div>\n\t\t<\/div>\n        \t\t\t\t<\/div>\n\t\t\t\t<\/div>\n\t\t\t\t\t<\/div>\n\t\t<\/div>\n\t\t\t\t\t<\/div>\n\t\t<\/section>\n\t\t\t\t<section class=\"elementor-section elementor-inner-section elementor-element elementor-element-141fa56 elementor-section-boxed elementor-section-height-default elementor-section-height-default\" data-id=\"141fa56\" data-element_type=\"section\">\n\t\t\t\t\t\t<div class=\"elementor-container elementor-column-gap-wide\">\n\t\t\t\t\t<div class=\"elementor-column elementor-col-33 elementor-inner-column elementor-element elementor-element-d617fca\" data-id=\"d617fca\" data-element_type=\"column\">\n\t\t\t<div class=\"elementor-widget-wrap elementor-element-populated\">\n\t\t\t\t\t\t<div class=\"elementor-element elementor-element-b089b2e elementor-widget elementor-widget-themo-team\" data-id=\"b089b2e\" data-element_type=\"widget\" data-widget_type=\"themo-team.default\">\n\t\t\t\t<div class=\"elementor-widget-container\">\n\t\t\t\n        \t\t<div class=\"th-team-member th-team-style-1\">\n                            <a href=\"\/de\/faehren\/\">\n                    <img loading=\"lazy\" decoding=\"async\" width=\"394\" height=\"394\" src=\"https:\/\/www.mandelclub.com\/wp-content\/uploads\/2024\/02\/o_isola-d-elba-2592-394x394.jpg\" class=\"th-img-stretch\" alt=\"\" \/>                <\/a>\n            \n\t\t\t<div class=\"th-team-member-content\">\n                                                            <a href=\"\/de\/faehren\/\">\n                            <h4 class=\"th-team-member-name\">F\u00e4hren<\/h4>\n                        <\/a>\n                                   \t\t\t\t\t\t\t\t\t\t\t\t\t<div class=\"th-team-member-text\">Buchen Sie jetzt Ihre F\u00e4hre zur Insel Elba.<\/div>\n\t\t\t\t\t\t\t\t<div class=\"th-team-member-social\">\n\t\t\t\t\t\t\t\t\t<\/div>\n\t\t\t<\/div>\n\t\t<\/div>\n        \t\t\t\t<\/div>\n\t\t\t\t<\/div>\n\t\t\t\t\t<\/div>\n\t\t<\/div>\n\t\t\t\t<div class=\"elementor-column elementor-col-33 elementor-inner-column elementor-element elementor-element-591c7a7\" data-id=\"591c7a7\" data-element_type=\"column\">\n\t\t\t<div class=\"elementor-widget-wrap\">\n\t\t\t\t\t\t\t<\/div>\n\t\t<\/div>\n\t\t\t\t<div class=\"elementor-column elementor-col-33 elementor-inner-column elementor-element elementor-element-ba6d0ff\" data-id=\"ba6d0ff\" data-element_type=\"column\" data-settings=\"{&quot;background_background&quot;:&quot;classic&quot;}\">\n\t\t\t<div class=\"elementor-widget-wrap\">\n\t\t\t\t\t\t\t<\/div>\n\t\t<\/div>\n\t\t\t\t\t<\/div>\n\t\t<\/section>\n\t\t\t\t<div class=\"elementor-element elementor-element-1481f594 elementor-widget elementor-widget-spacer\" data-id=\"1481f594\" data-element_type=\"widget\" data-widget_type=\"spacer.default\">\n\t\t\t\t<div class=\"elementor-widget-container\">\n\t\t\t\t\t<div class=\"elementor-spacer\">\n\t\t\t<div class=\"elementor-spacer-inner\"><\/div>\n\t\t<\/div>\n\t\t\t\t<\/div>\n\t\t\t\t<\/div>\n\t\t\t\t\t<\/div>\n\t\t<\/div>\n\t\t\t\t\t<\/div>\n\t\t<\/section>\n\t\t\t\t<\/div>\n\t\t","protected":false},"excerpt":{"rendered":"<p>Unsere dienstleistungen MANDEL RESIDENCE Vollst\u00e4ndige Liste unserer Dienstleistungen im Mandel Residence in Morcone, Insel Elba. Dienstleistungen am Strand Bar mit Terrasse am Meer und Strandbad mit Privatstrand. Tauchen Exklusives Tauchzentrum mit qualifizierten Instruktoren und Umweltf\u00fchrern. Restaurant Das Restaurant mit authentischer &hellip; <a href=\"https:\/\/www.mandelclub.com\/de\/dienstleistungen\/\">Read More<\/a><\/p>\n","protected":false},"author":1,"featured_media":0,"parent":0,"menu_order":13,"comment_status":"closed","ping_status":"closed","template":"","meta":{"footnotes":""},"class_list":["post-2117","page","type-page","status-publish","hentry"],"_links":{"self":[{"href":"https:\/\/www.mandelclub.com\/de\/wp-json\/wp\/v2\/pages\/2117","targetHints":{"allow":["GET"]}}],"collection":[{"href":"https:\/\/www.mandelclub.com\/de\/wp-json\/wp\/v2\/pages"}],"about":[{"href":"https:\/\/www.mandelclub.com\/de\/wp-json\/wp\/v2\/types\/page"}],"author":[{"embeddable":true,"href":"https:\/\/www.mandelclub.com\/de\/wp-json\/wp\/v2\/users\/1"}],"replies":[{"embeddable":true,"href":"https:\/\/www.mandelclub.com\/de\/wp-json\/wp\/v2\/comments?post=2117"}],"version-history":[{"count":5,"href":"https:\/\/www.mandelclub.com\/de\/wp-json\/wp\/v2\/pages\/2117\/revisions"}],"predecessor-version":[{"id":3402,"href":"https:\/\/www.mandelclub.com\/de\/wp-json\/wp\/v2\/pages\/2117\/revisions\/3402"}],"wp:attachment":[{"href":"https:\/\/www.mandelclub.com\/de\/wp-json\/wp\/v2\/media?parent=2117"}],"curies":[{"name":"wp","href":"https:\/\/api.w.org\/{rel}","templated":true}]}}